{"id":145,"date":"2023-12-21T14:20:29","date_gmt":"2023-12-21T14:20:29","guid":{"rendered":"https:\/\/fam-kracht.de\/?page_id=145"},"modified":"2023-12-21T14:30:21","modified_gmt":"2023-12-21T14:30:21","slug":"die-schlacht-von-grathe-hede","status":"publish","type":"page","link":"https:\/\/fam-kracht.de\/?page_id=145","title":{"rendered":"Die Schlacht von Grathe Hede"},"content":{"rendered":"\n<p>Der Kampf um die Macht \u2013 die Schlacht auf Grathe Hede Erfahren Sie mehr \u00fcber die blutige Geschichte, die zur Schlacht von Grathe Hede f\u00fchrte, und die Bedeutung der Schlacht f\u00fcr die Nachwelt. Der 23. Oktober 1157 ist die wichtigste Schlacht des Mittelalters auf Grathe Hede bei Thorning. Der blutige B\u00fcrgerkrieg, der das Land Mitte des 12. Jahrhunderts verw\u00fcstete, endet hier, als sich die K\u00f6nige Waldemar und Svend auf der Heide treffen, um zu entscheiden, wer D\u00e4nemark regieren wird. Von au\u00dfen wird das K\u00f6nigreich von den Wenden bedroht, die die d\u00e4nischen K\u00fcsten verw\u00fcsten, der Kaiser droht von S\u00fcden und der Erzbischof in Hamburg will sich der d\u00e4nischen Kirche unterwerfen. Von innen heraus sind die Gro\u00dfen des B\u00fcrgerkriegs und der langwierigen Familienfehden m\u00fcde. Nach der Schlacht auf Grathe Hede gelingt es dem Sieger, Waldemar dem Gro\u00dfen, die Vendars zu besiegen und die Zusammenarbeit mit der Kirche und den Magnaten sicherzustellen. Sein Sohn, Knut VI., sichert die Unabh\u00e4ngigkeit vom Kaiser. In \u201eDer Kampf um die Macht \u2013 Die Schlacht von Grathe Hede\u201c wirft das Museum einen genaueren Blick auf die Schlacht und die gewaltt\u00e4tigen Ereignisse im Vorfeld der Schlacht, auf Familienfehden, K\u00f6nigsmorde und Blutfeste. Erfahren Sie mehr \u00fcber die Geschichte von Grathe Kapel, bei der die Arch\u00e4ologen entdeckten, dass es sich um eine Kirche handelte, und erleben Sie den Kirchenraum, wie er unter Svend, Knud und Valdemar ausgesehen haben k\u00f6nnte.<\/p>\n\n\n<div class=\"wp-block-image\">\n<figure class=\"alignleft size-full\"><img loading=\"lazy\" decoding=\"async\" width=\"300\" height=\"328\" src=\"https:\/\/fam-kracht.de\/wp-content\/uploads\/2023\/12\/Slaget-pa-Grathe-Hede.png\" alt=\"\" class=\"wp-image-146\" srcset=\"https:\/\/fam-kracht.de\/wp-content\/uploads\/2023\/12\/Slaget-pa-Grathe-Hede.png 300w, https:\/\/fam-kracht.de\/wp-content\/uploads\/2023\/12\/Slaget-pa-Grathe-Hede-274x300.png 274w\" sizes=\"auto, (max-width: 300px) 100vw, 300px\" \/><\/figure>\n<\/div>\n\n\n<p><a href=\"https:\/\/www.museumsilkeborg.dk\/kampen-om-magten-slaget-p%C3%A5-grathe-hede-1\">Weitere Informationen finden Sie unter Lokalarkiv Blicheregnen<\/a><\/p>\n\n\n\n<p><\/p>\n\n\n\n<p><\/p>\n\n\n\n<p><\/p>\n\n\n\n<p><\/p>\n\n\n\n<p><\/p>\n\n\n\n<p><\/p>\n\n\n\n<p><\/p>\n\n\n\n<p><\/p>\n\n\n\n<p><\/p>\n\n\n\n<p><\/p>\n\n\n\nngg_shortcode_0_placeholder\n","protected":false},"excerpt":{"rendered":"<p>Der Kampf um die Macht \u2013 die Schlacht auf Grathe Hede Erfahren Sie mehr \u00fcber die blutige Geschichte, die zur Schlacht von Grathe Hede f\u00fchrte, und die Bedeutung der Schlacht f\u00fcr die Nachwelt. Der 23. Oktober 1157 ist die wichtigste Schlacht des Mittelalters auf Grathe Hede bei Thorning. Der blutige B\u00fcrgerkrieg, der das Land Mitte [&hellip;]<\/p>\n","protected":false},"author":1,"featured_media":0,"parent":0,"menu_order":0,"comment_status":"closed","ping_status":"closed","template":"","meta":{"ngg_post_thumbnail":0,"footnotes":""},"class_list":["post-145","page","type-page","status-publish","hentry"],"_links":{"self":[{"href":"https:\/\/fam-kracht.de\/index.php?rest_route=\/wp\/v2\/pages\/145","targetHints":{"allow":["GET"]}}],"collection":[{"href":"https:\/\/fam-kracht.de\/index.php?rest_route=\/wp\/v2\/pages"}],"about":[{"href":"https:\/\/fam-kracht.de\/index.php?rest_route=\/wp\/v2\/types\/page"}],"author":[{"embeddable":true,"href":"https:\/\/fam-kracht.de\/index.php?rest_route=\/wp\/v2\/users\/1"}],"replies":[{"embeddable":true,"href":"https:\/\/fam-kracht.de\/index.php?rest_route=%2Fwp%2Fv2%2Fcomments&post=145"}],"version-history":[{"count":2,"href":"https:\/\/fam-kracht.de\/index.php?rest_route=\/wp\/v2\/pages\/145\/revisions"}],"predecessor-version":[{"id":166,"href":"https:\/\/fam-kracht.de\/index.php?rest_route=\/wp\/v2\/pages\/145\/revisions\/166"}],"wp:attachment":[{"href":"https:\/\/fam-kracht.de\/index.php?rest_route=%2Fwp%2Fv2%2Fmedia&parent=145"}],"curies":[{"name":"wp","href":"https:\/\/api.w.org\/{rel}","templated":true}]}}