{"id":176,"date":"2024-01-19T19:18:34","date_gmt":"2024-01-19T19:18:34","guid":{"rendered":"https:\/\/fam-kracht.de\/?page_id=176"},"modified":"2024-01-21T11:46:09","modified_gmt":"2024-01-21T11:46:09","slug":"sai-kz-x","status":"publish","type":"page","link":"https:\/\/fam-kracht.de\/?page_id=176","title":{"rendered":"SAI KZ X"},"content":{"rendered":"\n<figure class=\"wp-block-image size-full\"><img loading=\"lazy\" decoding=\"async\" width=\"1024\" height=\"767\" src=\"https:\/\/fam-kracht.de\/wp-content\/uploads\/2024\/01\/SAI-KZ-X-1024x767-1.jpg\" alt=\"\" class=\"wp-image-177\" srcset=\"https:\/\/fam-kracht.de\/wp-content\/uploads\/2024\/01\/SAI-KZ-X-1024x767-1.jpg 1024w, https:\/\/fam-kracht.de\/wp-content\/uploads\/2024\/01\/SAI-KZ-X-1024x767-1-300x225.jpg 300w, https:\/\/fam-kracht.de\/wp-content\/uploads\/2024\/01\/SAI-KZ-X-1024x767-1-768x575.jpg 768w\" sizes=\"auto, (max-width: 1024px) 100vw, 1024px\" \/><\/figure>\n\n\n\n<p class=\"has-text-align-center\">Dansk SAI KZ X, Flymuset <br>Foto \u00c5ge Christensen<\/p>\n\n\n\n<figure class=\"wp-block-table is-style-stripes\"><table><tbody><tr><td>Typ<\/td><td>Artilleriebeobachtung<\/td><\/tr><tr><td>Hersteller<\/td><td><a href=\"https:\/\/da.wikipedia.org\/wiki\/Skandinavisk_Aero_Industri\">Skandinavisk Aero Industri (Kramme &amp; Zeuthen)<\/a><\/td><\/tr><tr><td>Besatzung<\/td><td>2<\/td><\/tr><tr><td>Ma\u00dfe<\/td><td>\ufeff<\/td><\/tr><tr><td>L\u00e4nge<\/td><td>6,49 m<\/td><\/tr><tr><td>H\u00f6he<\/td><td>2,10 m<\/td><\/tr><tr><td>Fl\u00fcgelfang<\/td><td>9,41 m<\/td><\/tr><tr><td>Gewicht<\/td><td>Leer 529 kg \/ voll 860 kg<\/td><\/tr><tr><td>Motorleistung<\/td><td>\ufeff<\/td><\/tr><tr><td>Motor<\/td><td>1 Continental C-145-2H<\/td><\/tr><tr><td>Leistung<\/td><td>145 PS<\/td><\/tr><tr><td>Maximale Geschwindigkeit<\/td><td>116 kn (215 km\/h)<\/td><\/tr><tr><td>Marschgeschwindigkeit<\/td><td>104 kn (193 km\/h)<\/td><\/tr><tr><td>Aktionsradius<\/td><td>459 SM (850 km)<\/td><\/tr><tr><td>Steiggeschwindigkeit<\/td><td>\ufeff<\/td><\/tr><tr><td>Maximale H\u00f6he<\/td><td>13200 Fu\u00df (4400 m)<\/td><\/tr><tr><td>Bemerkungen<\/td><td>Der KZ X war ein einmotoriger Hochdecker mit festem Fahrwerk, der \u00e4u\u00dferlich stark dem KZ VII \u00e4hnelte. Die Karosserie war eine geschwei\u00dfte Stahlrohrkonstruktion, die den Karosserien der anderen Flugzeuge von Kramme &amp; Zeuthen sehr \u00e4hnelte, aber im Gegensatz zu den anderen KZs (III und VII) war die KZ X mit Sperrholz verkleidet und die Vorderkante des Fl\u00fcgels bildete die Ausgleichsklappen und Klappen hatten feste Schlitze und waren auf die gleiche Weise aus Sperrholz gefertigt. Die Tragpl\u00e4ne basierten auf zwei Kastenbalken mit Holzrippen, jedoch mit einer Verkleidung aus Sperrholz. Die Sitze waren hintereinander angeordnet, was zu einer schmaleren Karosserie als beim KZ VII f\u00fchrte. Der Motor war ein 145 PS starker ContinentalC-145 6-Zylinder-Boxermotor mit verstellbarem Propeller, der bessere Start- und Steigeigenschaften als beim VII erm\u00f6glichte. Das Flugzeug wurde als Luftbeobachtungsposten (AOP) konzipiert und dient dort auch als Luftbeobachtungsposten. Zu diesem Zweck (Artilleriebeobachtung) richtete die Verteidigung im November 2016 einen Luftbeobachtungsposten ein. 51 kauften 12 KZ X, alle 12 Flugzeuge wurden 52 ausgeliefert. &nbsp;Im August desselben Jahres erlitt die KZ Flugverbot und eine Reihe von Untersuchungen bei der Royal Aircraft Establishment in Farnborough in England, deren Ergebnisse zur Aufhebung des Flugverbots f\u00fchrten. Doch im Jahr 54 ging es erneut schief, zwei weitere Unf\u00e4lle f\u00fchrten zu einem erneuten Flugverbot f\u00fcr den Typ. Die erneute Pr\u00fcfung ergab keine Fehler oder M\u00e4ngel, dennoch wurde der Typ nicht wieder in den aktiven Dienst genommen und im Jahr 1959 auf dem Flugplatz V\u00e6rl\u00f8se zerlegt. Einer von ihnen war nur 1,3 Stunden geflogen, die Motoren wurden auf den KZ VII \u00fcbertragen, da sie 20 PS st\u00e4rker waren als der urspr\u00fcngliche VII-Motor.<\/td><\/tr><\/tbody><\/table><\/figure>\n","protected":false},"excerpt":{"rendered":"<p>Dansk SAI KZ X, Flymuset Foto \u00c5ge Christensen Typ Artilleriebeobachtung Hersteller Skandinavisk Aero Industri (Kramme &amp; Zeuthen) Besatzung 2 Ma\u00dfe \ufeff L\u00e4nge 6,49 m H\u00f6he 2,10 m Fl\u00fcgelfang 9,41 m Gewicht Leer 529 kg \/ voll 860 kg Motorleistung \ufeff Motor 1 Continental C-145-2H Leistung 145 PS Maximale Geschwindigkeit 116 kn (215 km\/h) Marschgeschwindigkeit 104 [&hellip;]<\/p>\n","protected":false},"author":1,"featured_media":0,"parent":0,"menu_order":0,"comment_status":"closed","ping_status":"closed","template":"","meta":{"ngg_post_thumbnail":0,"footnotes":""},"class_list":["post-176","page","type-page","status-publish","hentry"],"_links":{"self":[{"href":"https:\/\/fam-kracht.de\/index.php?rest_route=\/wp\/v2\/pages\/176","targetHints":{"allow":["GET"]}}],"collection":[{"href":"https:\/\/fam-kracht.de\/index.php?rest_route=\/wp\/v2\/pages"}],"about":[{"href":"https:\/\/fam-kracht.de\/index.php?rest_route=\/wp\/v2\/types\/page"}],"author":[{"embeddable":true,"href":"https:\/\/fam-kracht.de\/index.php?rest_route=\/wp\/v2\/users\/1"}],"replies":[{"embeddable":true,"href":"https:\/\/fam-kracht.de\/index.php?rest_route=%2Fwp%2Fv2%2Fcomments&post=176"}],"version-history":[{"count":2,"href":"https:\/\/fam-kracht.de\/index.php?rest_route=\/wp\/v2\/pages\/176\/revisions"}],"predecessor-version":[{"id":355,"href":"https:\/\/fam-kracht.de\/index.php?rest_route=\/wp\/v2\/pages\/176\/revisions\/355"}],"wp:attachment":[{"href":"https:\/\/fam-kracht.de\/index.php?rest_route=%2Fwp%2Fv2%2Fmedia&parent=176"}],"curies":[{"name":"wp","href":"https:\/\/api.w.org\/{rel}","templated":true}]}}