{"id":352,"date":"2024-01-21T11:45:35","date_gmt":"2024-01-21T11:45:35","guid":{"rendered":"https:\/\/fam-kracht.de\/?page_id=352"},"modified":"2024-01-21T12:03:41","modified_gmt":"2024-01-21T12:03:41","slug":"supermarine-sea-otter-mk-i-mk-ii","status":"publish","type":"page","link":"https:\/\/fam-kracht.de\/?page_id=352","title":{"rendered":"Supermarine Sea Otter MK I, MK II"},"content":{"rendered":"<div class=\"wp-block-image\">\n<figure class=\"aligncenter size-full\"><img loading=\"lazy\" decoding=\"async\" width=\"500\" height=\"344\" src=\"https:\/\/fam-kracht.de\/wp-content\/uploads\/2024\/01\/SUPERMARINE-SEA-OTTER-MK.-I.jpg\" alt=\"\" class=\"wp-image-353\" srcset=\"https:\/\/fam-kracht.de\/wp-content\/uploads\/2024\/01\/SUPERMARINE-SEA-OTTER-MK.-I.jpg 500w, https:\/\/fam-kracht.de\/wp-content\/uploads\/2024\/01\/SUPERMARINE-SEA-OTTER-MK.-I-300x206.jpg 300w\" sizes=\"auto, (max-width: 500px) 100vw, 500px\" \/><\/figure>\n<\/div>\n\n\n<p class=\"has-text-align-center\">JM975, sp\u00e4ter neue Nummer erhalten, Ort unbekannt<br>Foto Die historische Sammlung der d\u00e4nischen Luftwaffe<\/p>\n\n\n\n<figure class=\"wp-block-table is-style-stripes\"><table><tbody><tr><td>Typ<\/td><td>Amphibienflugzeug zur Aufkl\u00e4rung und Suche.<\/td><\/tr><tr><td>Hersteller<\/td><td><a href=\"https:\/\/www.baesystems.com\/en\/heritage\/vickers-supermarine\" data-type=\"link\" data-id=\"https:\/\/www.baesystems.com\/en\/heritage\/vickers-supermarine\">Supermarine \/ Vickers<\/a><\/td><\/tr><tr><td>Besatzung<\/td><td>Vier, Pilot, Navigator, 2 Kanoniere<\/td><\/tr><tr><td>Ma\u00dfe<\/td><td>\ufeff<\/td><\/tr><tr><td>L\u00e4nge<\/td><td>12,01 m<\/td><\/tr><tr><td>H\u00f6he<\/td><td>4, 93 m<\/td><\/tr><tr><td>Fl\u00fcgelfang<\/td><td>14,93 m<\/td><\/tr><tr><td>Gewicht<\/td><td>Leer 3087 kg \/ voll 4536 kg<\/td><\/tr><tr><td>Motorleistung<\/td><td>\ufeff<\/td><\/tr><tr><td>Motor<\/td><td>1 Bristol Mercury XXX<\/td><\/tr><tr><td>Leistung<\/td><td>855 PS<\/td><\/tr><tr><td>Maximale Geschwindigkeit<\/td><td>130 kn (241 km\/h)<\/td><\/tr><tr><td>Marschgeschwindigkeit<\/td><td>87 kn (161 km\/h)<\/td><\/tr><tr><td>Aktionsradius<\/td><td>491 SM (910 km)<\/td><\/tr><tr><td>Steiggeschwindigkeit<\/td><td>\ufeff<\/td><\/tr><tr><td>Maximale H\u00f6he<\/td><td>1463500 fu\u00df (4877 m)<\/td><\/tr><tr><td>Bemerkungen<\/td><td>Die Sea Otter war ein einmotoriges Amphibienflugzeug mit einziehbarem Hauptrad und klappbaren Doppeldeckern. Eine Vereinbarung, die durch die Vergangenheit der Sea Otter als schiffsbasiertes Aufkl\u00e4rungs- und Suchflugzeug erforderlich wurde.<br>Als der Typ Anfang der 40er Jahre erschien, war er eigentlich als Ersatz f\u00fcr die ber\u00fchmte Supermarine \u201eWalrus\u201c gedacht, die damals bei der Royal Navy im Einsatz war.<br>Das Prinzip beim Einsatz dieser beiden Flugzeugtypen beruhte darauf, dass fast alle gr\u00f6\u00dferen Schiffe der Flotte mit Startkatapulten ausgestattet waren, von denen aus die Flugzeuge beim Start gestartet werden konnten. Nach Abschluss des Fluges landeten die Flugzeuge neben den Mutterschiffen und wurden mit Hilfe eines Krans an Bord gehoben und wieder startbereit auf das Katapult gestellt oder mit ausklappbaren Fl\u00fcgeln verstaut.<br>Von Mitte der 1930er Jahre bis zu den ersten Kriegsjahren wurde das Walross \u00fcberall dort eingesetzt, wo die Royal Navy ihre Flagge zeigte. Wie bereits erw\u00e4hnt, war die Hauptaufgabe die Aufkl\u00e4rung und Suche nach Menschen in Seenot, die Flugzeuge konnten jedoch auch mit Halterungen f\u00fcr leichte Bomben und Wasserbomben zum Einsatz gegen U-Boote ausgestattet werden.<br>Der Seeotter war eine verbesserte Version des Walrosses. Es war sowohl gr\u00f6\u00dfer als auch leistungsst\u00e4rker und verf\u00fcgte \u00fcber einen st\u00e4rkeren Motor mit Zugpropeller im Gegensatz zum Schubpropeller seines Vorg\u00e4ngers und hatte die Klappfl\u00fcgel beibehalten. Trotzdem erreichte die Sea Otter nie den gleichen Erfolg wie ihr Vorg\u00e4nger, da die Royal Navy im Verlauf des Krieges zunehmend \u00fcber Flugzeugtr\u00e4ger verf\u00fcgte, von denen aus andere und effizientere Flugzeugtypen ohne Katapulte operieren konnten.<br>Die Sea Otter wurde auch von der RAF eingesetzt, hier jedoch in der Rolle eines landgest\u00fctzten Such- und Rettungsflugzeugs.<br>Mehrere alliierte Piloten wurden in den ersten Jahren des Reiches von einem Walross oder Seeotter aufgegriffen, nachdem sie \u00fcber dem \u00c4rmelkanal oder der Nordsee abgeschossen worden waren. Die Sea Otter war ein einmotoriges Amphibienflugzeug mit einziehbarem Hauptrad und klappbaren Doppeldeckern. Eine Vereinbarung, die durch die Vergangenheit der Sea Otter als schiffsbasiertes Aufkl\u00e4rungs- und Suchflugzeug erforderlich wurde.<br>Als der Typ Anfang der 40er Jahre erschien, war er eigentlich als Ersatz f\u00fcr die ber\u00fchmte Supermarine \u201eWalrus\u201c gedacht, die damals bei der Royal Navy im Einsatz war.<br>Das Prinzip beim Einsatz dieser beiden Flugzeugtypen beruhte darauf, dass fast alle gr\u00f6\u00dferen Schiffe der Flotte mit Startkatapulten ausgestattet waren, von denen aus die Flugzeuge beim Start gestartet werden konnten. Nach Abschluss des Fluges landeten die Flugzeuge neben den Mutterschiffen und wurden mit Hilfe eines Krans an Bord gehoben und wieder startbereit auf das Katapult gestellt oder mit ausklappbaren Fl\u00fcgeln verstaut.<br>Von Mitte der 1930er Jahre bis zu den ersten Kriegsjahren wurde das Walross \u00fcberall dort eingesetzt, wo die Royal Navy ihre Flagge zeigte. Wie bereits erw\u00e4hnt, war die Hauptaufgabe die Aufkl\u00e4rung und Suche nach Menschen in Seenot, die Flugzeuge konnten jedoch auch mit Halterungen f\u00fcr leichte Bomben und Wasserbomben zum Einsatz gegen U-Boote ausgestattet werden.<br>Der Seeotter war eine verbesserte Version des Walrosses. Es war sowohl gr\u00f6\u00dfer als auch leistungsst\u00e4rker und verf\u00fcgte \u00fcber einen st\u00e4rkeren Motor mit Zugpropeller im Gegensatz zum Schubpropeller seines Vorg\u00e4ngers und hatte die Klappfl\u00fcgel beibehalten. Trotzdem erreichte die Sea Otter nie den gleichen Erfolg wie ihr Vorg\u00e4nger, da die Royal Navy im Verlauf des Krieges zunehmend \u00fcber Flugzeugtr\u00e4ger verf\u00fcgte, von denen aus andere und effizientere Flugzeugtypen ohne Katapulte operieren konnten.<br>Die Sea Otter wurde auch von der RAF eingesetzt, hier jedoch in der Rolle eines landgest\u00fctzten Such- und Rettungsflugzeugs.<br>In den ersten Kriegsjahren wurden mehrere alliierte Piloten von einem Walross oder Seeotter aufgegriffen, nachdem sie \u00fcber dem \u00c4rmelkanal oder der Nordsee abgeschossen worden waren.<\/td><\/tr><tr><td>D\u00e4nemark<\/td><td>Als die d\u00e4nische Verteidigung nach dem Krieg die fliegenden Einheiten wieder aufbauen musste, geschah dies haupts\u00e4chlich mit Flugzeugen aus \u00dcberbest\u00e4nden aus England, die S\u00f8v\u00e6rnets Flyv\u00e6vesent im Jahr 46, 4 Sea Otter und im November 47 3 erhielt.<br>Bei der Restaurierung der 1. Luftflottille im Okt. 47 ordnete die Sea Otter zusammen mit der Catalina dieser Einheit zu und mit der Gr\u00fcndung der Luftwaffe im Jahr 51 wurden sie auf die neue ESK 721 \u00fcbertragen.<br>In D\u00e4nemark wurde die Sea Otter f\u00fcr die Umschulung von Piloten f\u00fcr Amphibienflugzeuge, Such- und Rettungsdienste und Zielfliegerei f\u00fcr die norwegische Marine eingesetzt.<br>Die Karriere dieses Typs in der Heimat war nur kurz.<br>Einer starb bereits einen Monat nach der Auslieferung aufgrund einer harten Landung, drei starben im Jahr 51 und der letzte wurde im Mai 52 au\u00dfer Dienst gestellt.<br>Alle Sea Otter wurden nach dem Ausmustern verschrottet, so dass leider keines dieser markanten Flugzeuge f\u00fcr die Nachwelt erhalten geblieben ist.<\/td><\/tr><\/tbody><\/table><\/figure>\n\n\n\n<p>Quellen<br>D\u00e4nemarks Luftfahrtmuseum<\/p>\n\n\n\n<p>Fluggeschichte<br><a href=\"https:\/\/flyvehistorie.wordpress.com\/indholde\/flyvevabnet-samt-haerens-og-sovaernets-flyvende-enheder-efter-1945\/sea-otter\/\" data-type=\"link\" data-id=\"https:\/\/flyvehistorie.wordpress.com\/indholde\/flyvevabnet-samt-haerens-og-sovaernets-flyvende-enheder-efter-1945\/sea-otter\/\">D\u00e4nische Fluggeschichte<\/a><br><br>WIKIPEDIA.org<\/p>\n\n\n\n<p><\/p>\n","protected":false},"excerpt":{"rendered":"<p>JM975, sp\u00e4ter neue Nummer erhalten, Ort unbekanntFoto Die historische Sammlung der d\u00e4nischen Luftwaffe Typ Amphibienflugzeug zur Aufkl\u00e4rung und Suche. Hersteller Supermarine \/ Vickers Besatzung Vier, Pilot, Navigator, 2 Kanoniere Ma\u00dfe \ufeff L\u00e4nge 12,01 m H\u00f6he 4, 93 m Fl\u00fcgelfang 14,93 m Gewicht Leer 3087 kg \/ voll 4536 kg Motorleistung \ufeff Motor 1 Bristol Mercury [&hellip;]<\/p>\n","protected":false},"author":1,"featured_media":0,"parent":0,"menu_order":0,"comment_status":"closed","ping_status":"closed","template":"","meta":{"ngg_post_thumbnail":0,"footnotes":""},"class_list":["post-352","page","type-page","status-publish","hentry"],"_links":{"self":[{"href":"https:\/\/fam-kracht.de\/index.php?rest_route=\/wp\/v2\/pages\/352","targetHints":{"allow":["GET"]}}],"collection":[{"href":"https:\/\/fam-kracht.de\/index.php?rest_route=\/wp\/v2\/pages"}],"about":[{"href":"https:\/\/fam-kracht.de\/index.php?rest_route=\/wp\/v2\/types\/page"}],"author":[{"embeddable":true,"href":"https:\/\/fam-kracht.de\/index.php?rest_route=\/wp\/v2\/users\/1"}],"replies":[{"embeddable":true,"href":"https:\/\/fam-kracht.de\/index.php?rest_route=%2Fwp%2Fv2%2Fcomments&post=352"}],"version-history":[{"count":5,"href":"https:\/\/fam-kracht.de\/index.php?rest_route=\/wp\/v2\/pages\/352\/revisions"}],"predecessor-version":[{"id":361,"href":"https:\/\/fam-kracht.de\/index.php?rest_route=\/wp\/v2\/pages\/352\/revisions\/361"}],"wp:attachment":[{"href":"https:\/\/fam-kracht.de\/index.php?rest_route=%2Fwp%2Fv2%2Fmedia&parent=352"}],"curies":[{"name":"wp","href":"https:\/\/api.w.org\/{rel}","templated":true}]}}