{"id":6,"date":"2023-08-12T11:47:46","date_gmt":"2023-08-12T11:47:46","guid":{"rendered":"https:\/\/fam-kracht.de\/?page_id=6"},"modified":"2023-08-13T14:30:20","modified_gmt":"2023-08-13T14:30:20","slug":"forside","status":"publish","type":"page","link":"https:\/\/fam-kracht.de\/","title":{"rendered":"Titelseite"},"content":{"rendered":"\n<p><\/p>\n\n\n\n<p class=\"has-medium-font-size\"><strong>Diese Seite enth\u00e4lt etwas \u00fcber Flugzeuge und einige Fotos, die zu meinen Hobbys geh\u00f6ren<\/strong>.<\/p>\n\n\n\n<figure class=\"wp-block-image size-full is-style-rounded\"><img loading=\"lazy\" decoding=\"async\" width=\"650\" height=\"600\" src=\"http:\/\/fam-kracht.de\/wp-content\/uploads\/2023\/08\/forside.jpg\" alt=\"\" class=\"wp-image-9\" srcset=\"https:\/\/fam-kracht.de\/wp-content\/uploads\/2023\/08\/forside.jpg 650w, https:\/\/fam-kracht.de\/wp-content\/uploads\/2023\/08\/forside-300x277.jpg 300w\" sizes=\"auto, (max-width: 650px) 100vw, 650px\" \/><\/figure>\n","protected":false},"excerpt":{"rendered":"<p>Diese Seite enth\u00e4lt etwas \u00fcber Flugzeuge und einige Fotos, die zu meinen Hobbys geh\u00f6ren.<\/p>\n","protected":false},"author":1,"featured_media":0,"parent":0,"menu_order":0,"comment_status":"closed","ping_status":"closed","template":"","meta":{"ngg_post_thumbnail":0,"footnotes":""},"class_list":["post-6","page","type-page","status-publish","hentry"],"_links":{"self":[{"href":"https:\/\/fam-kracht.de\/index.php?rest_route=\/wp\/v2\/pages\/6","targetHints":{"allow":["GET"]}}],"collection":[{"href":"https:\/\/fam-kracht.de\/index.php?rest_route=\/wp\/v2\/pages"}],"about":[{"href":"https:\/\/fam-kracht.de\/index.php?rest_route=\/wp\/v2\/types\/page"}],"author":[{"embeddable":true,"href":"https:\/\/fam-kracht.de\/index.php?rest_route=\/wp\/v2\/users\/1"}],"replies":[{"embeddable":true,"href":"https:\/\/fam-kracht.de\/index.php?rest_route=%2Fwp%2Fv2%2Fcomments&post=6"}],"version-history":[{"count":7,"href":"https:\/\/fam-kracht.de\/index.php?rest_route=\/wp\/v2\/pages\/6\/revisions"}],"predecessor-version":[{"id":65,"href":"https:\/\/fam-kracht.de\/index.php?rest_route=\/wp\/v2\/pages\/6\/revisions\/65"}],"wp:attachment":[{"href":"https:\/\/fam-kracht.de\/index.php?rest_route=%2Fwp%2Fv2%2Fmedia&parent=6"}],"curies":[{"name":"wp","href":"https:\/\/api.w.org\/{rel}","templated":true}]}}